{"id":900,"date":"2024-09-18T14:30:14","date_gmt":"2024-09-18T12:30:14","guid":{"rendered":"https:\/\/wspomozycielka-lodz.pl\/?page_id=900"},"modified":"2024-09-18T14:30:15","modified_gmt":"2024-09-18T12:30:15","slug":"standardy-ochrony-dzieci-i-osob-bezbronnych","status":"publish","type":"page","link":"https:\/\/wspomozycielka-lodz.pl\/?page_id=900","title":{"rendered":"Standardy ochrony dzieci i os\u00f3b bezbronnych"},"content":{"rendered":"\n<div class=\"wp-block-themeisle-blocks-advanced-columns has-1-columns has-desktop-equal-layout has-tablet-equal-layout has-mobile-equal-layout has-default-gap has-vertical-unset\" id=\"wp-block-themeisle-blocks-advanced-columns-16f5a135\"><div class=\"wp-block-themeisle-blocks-advanced-columns-overlay\"><\/div><div class=\"innerblocks-wrap\">\n<div class=\"wp-block-themeisle-blocks-advanced-column\" id=\"wp-block-themeisle-blocks-advanced-column-58ad20c2\">\n<p>Ca\u0142y dokument standardu ochrony dzieci i os\u00f3b bezbronnych<br>w parafii p.w. Matki Bo\u017cej Wspomo\u017cenia Wiernych w \u0141odzi<br>sporz\u0105dzony w \u0141odzi, dnia 24 czerwca 2024 roku dost\u0119pny jest do pobrania w linku poni\u017cej. \ud83d\udc47<\/p>\n<\/div>\n<\/div><\/div>\n\n\n\n<div class=\"wp-block-file\"><a id=\"wp-block-file--media-f2f63ff0-6dd3-4697-841a-bc798886dbba\" href=\"https:\/\/wspomozycielka-lodz.pl\/wp-content\/uploads\/2024\/09\/Standardy-Parafia-Matki-Bozej-Wspomozenia-Wiernych-w-Lodzi-1.docx\" target=\"_blank\" rel=\"noreferrer noopener\">Standardy-Parafia-Matki-Bozej-Wspomozenia-Wiernych-w-Lodzi-1<\/a><a href=\"https:\/\/wspomozycielka-lodz.pl\/wp-content\/uploads\/2024\/09\/Standardy-Parafia-Matki-Bozej-Wspomozenia-Wiernych-w-Lodzi-1.docx\" class=\"wp-block-file__button wp-element-button\" download aria-describedby=\"wp-block-file--media-f2f63ff0-6dd3-4697-841a-bc798886dbba\">Pobierz<\/a><\/div>\n","protected":false},"excerpt":{"rendered":"","protected":false},"author":1,"featured_media":902,"parent":0,"menu_order":0,"comment_status":"closed","ping_status":"closed","template":"","meta":{"_mc_calendar":[],"footnotes":""},"class_list":["post-900","page","type-page","status-publish","has-post-thumbnail","hentry"],"_links":{"self":[{"href":"https:\/\/wspomozycielka-lodz.pl\/index.php?rest_route=\/wp\/v2\/pages\/900","targetHints":{"allow":["GET"]}}],"collection":[{"href":"https:\/\/wspomozycielka-lodz.pl\/index.php?rest_route=\/wp\/v2\/pages"}],"about":[{"href":"https:\/\/wspomozycielka-lodz.pl\/index.php?rest_route=\/wp\/v2\/types\/page"}],"author":[{"embeddable":true,"href":"https:\/\/wspomozycielka-lodz.pl\/index.php?rest_route=\/wp\/v2\/users\/1"}],"replies":[{"embeddable":true,"href":"https:\/\/wspomozycielka-lodz.pl\/index.php?rest_route=%2Fwp%2Fv2%2Fcomments&post=900"}],"version-history":[{"count":1,"href":"https:\/\/wspomozycielka-lodz.pl\/index.php?rest_route=\/wp\/v2\/pages\/900\/revisions"}],"predecessor-version":[{"id":903,"href":"https:\/\/wspomozycielka-lodz.pl\/index.php?rest_route=\/wp\/v2\/pages\/900\/revisions\/903"}],"wp:featuredmedia":[{"embeddable":true,"href":"https:\/\/wspomozycielka-lodz.pl\/index.php?rest_route=\/wp\/v2\/media\/902"}],"wp:attachment":[{"href":"https:\/\/wspomozycielka-lodz.pl\/index.php?rest_route=%2Fwp%2Fv2%2Fmedia&parent=900"}],"curies":[{"name":"wp","href":"https:\/\/api.w.org\/{rel}","templated":true}]}}