{"id":90,"date":"2020-11-01T17:40:07","date_gmt":"2020-11-01T16:40:07","guid":{"rendered":"http:\/\/wspomozycielka-lodz.pl\/?page_id=90"},"modified":"2020-11-01T17:40:07","modified_gmt":"2020-11-01T16:40:07","slug":"kalendarz","status":"publish","type":"page","link":"https:\/\/wspomozycielka-lodz.pl\/?page_id=90","title":{"rendered":"Kalendarz"},"content":{"rendered":"\r\n<div id=\"my-calendar\" class=\"mc-main mcjs listjs gridjs minijs ajaxjs twentytwentytwo calendar month my-calendar\" ><h2 id=\"mc_head_my-calendar\" class=\"heading my-calendar-month\"><span>Wydarzenia w miesi\u0105cu kwiecie\u0144 2026\n<\/span><\/h2>\n\n<nav aria-label=\"Kalendarz (u g\u00f3ry)\">\n<div class=\"my-calendar-header\"><div class='mc-format'><a id='mc_list-my-calendar' href='https:\/\/wspomozycielka-lodz.pl\/?page_id=90&#038;rest_route=\/wp\/v2\/pages\/90&#038;format=list' class='list'><span class=\"maybe-hide\">Widok: <\/span>Lista<\/a><\/div><div class='mc-time'><span id='mc_month-my-calendar' class='mc-active month' tabindex='-1'>Miesi\u0105c<\/span><a id='mc_week-my-calendar'  href='https:\/\/wspomozycielka-lodz.pl\/?page_id=90&#038;rest_route=\/wp\/v2\/pages\/90&#038;time=week&#038;dy=6&#038;month=4' class='week'>Tydzie\u0144<\/a><a id='mc_day-my-calendar'  href='https:\/\/wspomozycielka-lodz.pl\/?page_id=90&#038;rest_route=\/wp\/v2\/pages\/90&#038;time=day' class='day'>Dzie\u0144<\/a><\/div><div class=\"my-calendar-date-switcher\"><form class=\"mc-date-switcher\" action=\"https:\/\/wspomozycielka-lodz.pl\" method=\"get\"><div><input type=\"hidden\" name=\"cid\" value=\"my-calendar\" \/><input type=\"hidden\" name=\"rest_route\" value=\"\/wp\/v2\/pages\/90\" \/> <label class=\"maybe-hide\" for=\"my-calendar-month\">Miesi\u0105c<\/label> <select id=\"my-calendar-month\" name=\"month\">\n<option value='1'>stycze\u0144<\/option>\n<option value='2'>luty<\/option>\n<option value='3'>marzec<\/option>\n<option value='4' selected='selected'>kwiecie\u0144<\/option>\n<option value='5'>maj<\/option>\n<option value='6'>czerwiec<\/option>\n<option value='7'>lipiec<\/option>\n<option value='8'>sierpie\u0144<\/option>\n<option value='9'>wrzesie\u0144<\/option>\n<option value='10'>pa\u017adziernik<\/option>\n<option value='11'>listopad<\/option>\n<option value='12'>grudzie\u0144<\/option>\n<\/select>\n <label class=\"maybe-hide\" for=\"my-calendar-year\">Rok<\/label> <select id=\"my-calendar-year\" name=\"yr\">\n<option value=\"2020\">2020<\/option>\n<option value=\"2021\">2021<\/option>\n<option value=\"2022\">2022<\/option>\n<option value=\"2023\">2023<\/option>\n<option value=\"2024\">2024<\/option>\n<option value=\"2025\">2025<\/option>\n<option value=\"2026\" selected='selected'>2026<\/option>\n<option value=\"2027\">2027<\/option>\n<option value=\"2028\">2028<\/option>\n<option value=\"2029\">2029<\/option>\n<option value=\"2030\">2030<\/option>\n<\/select> <input type=\"submit\" class=\"button\" data-href=\"https:\/\/wspomozycielka-lodz.pl?rest_route=\/wp\/v2\/pages\/90\" value=\"Id\u017a\" \/><\/div><\/form><\/div>\r\n\t\t<div class=\"my-calendar-nav\">\r\n\t\t\t<ul>\r\n\t\t\t\t<li class=\"my-calendar-prev\"><a id=\"mc_previous_my-calendar\" href=\"https:\/\/wspomozycielka-lodz.pl\/?page_id=90&#038;rest_route=\/wp\/v2\/pages\/90&#038;yr=2026&#038;month=3&#038;dy&#038;cid=my-calendar\" rel=\"nofollow\"><span class=\"maybe-hide\">Poprzedni<\/span><\/a><\/li><li class=\"my-calendar-today\"><span class=\"mc-active\" id=\"mc_today_my-calendar\" tabindex=\"-1\">Dzisiaj<\/span><\/li><li class=\"my-calendar-next\"><a id=\"mc_next_my-calendar\" href=\"https:\/\/wspomozycielka-lodz.pl\/?page_id=90&#038;rest_route=\/wp\/v2\/pages\/90&#038;yr=2026&#038;month=5&#038;dy&#038;cid=my-calendar\" rel=\"nofollow\"><span class=\"maybe-hide\">Nast\u0119pny<\/span><\/a><\/li>\r\n\t\t\t<\/ul>\r\n\t\t<\/div><\/div>\n<\/nav>\n<div class=\"mc-content\">\n<table class='my-calendar-table' aria-labelledby='mc_head_my-calendar'>\n<thead>\n\t<tr class='mc-row'>\n\t\t<th scope=\"col\" class='day-heading mon'><abbr title=\"poniedzia\u0142ek\" aria-hidden=\"true\">pon.<\/abbr><span class=\"screen-reader-text\">poniedzia\u0142ek<\/span><\/th>\n\t\t<th scope=\"col\" class='day-heading tues'><abbr title=\"wtorek\" aria-hidden=\"true\">wt.<\/abbr><span class=\"screen-reader-text\">wtorek<\/span><\/th>\n\t\t<th scope=\"col\" class='day-heading wed'><abbr title=\"\u015broda\" aria-hidden=\"true\">\u015br.<\/abbr><span class=\"screen-reader-text\">\u015broda<\/span><\/th>\n\t\t<th scope=\"col\" class='day-heading thur'><abbr title=\"czwartek\" aria-hidden=\"true\">czw.<\/abbr><span class=\"screen-reader-text\">czwartek<\/span><\/th>\n\t\t<th scope=\"col\" class='day-heading fri'><abbr title=\"pi\u0105tek\" aria-hidden=\"true\">pt.<\/abbr><span class=\"screen-reader-text\">pi\u0105tek<\/span><\/th>\n\t\t<th scope=\"col\" class='weekend-heading sat'><abbr title=\"sobota\" aria-hidden=\"true\">sob.<\/abbr><span class=\"screen-reader-text\">sobota<\/span><\/th>\n\t\t<th scope=\"col\" class='weekend-heading sun'><abbr title=\"niedziela\" aria-hidden=\"true\">niedz.<\/abbr><span class=\"screen-reader-text\">niedziela<\/span><\/th>\n\t<\/tr>\n<\/thead>\n<tbody>\n<tr class='mc-row'><td class='no-events poniedziaek pon past-day past-date  nextmonth no-events day-with-date'><div class='mc-date-container'><span class='mc-date no-events'><span aria-hidden='true'>30<\/span><span class='screen-reader-text'>30 marca 2026<\/span><\/span><\/div>\n<\/td>\n<td class='no-events wtorek wt past-day past-date  nextmonth no-events day-with-date'><div class='mc-date-container'><span class='mc-date no-events'><span aria-hidden='true'>31<\/span><span class='screen-reader-text'>31 marca 2026<\/span><\/span><\/div>\n<\/td>\n<td class='no-events roda r past-day past-date   no-events day-with-date'><div class='mc-date-container'><span class='mc-date no-events'><span aria-hidden='true'>1<\/span><span class='screen-reader-text'>1 kwietnia 2026<\/span><\/span><\/div>\n<\/td>\n<td class='no-events czwartek czw past-day past-date   no-events day-with-date'><div class='mc-date-container'><span class='mc-date no-events'><span aria-hidden='true'>2<\/span><span class='screen-reader-text'>2 kwietnia 2026<\/span><\/span><\/div>\n<\/td>\n<td class='no-events pitek pt past-day past-date   no-events day-with-date'><div class='mc-date-container'><span class='mc-date no-events'><span aria-hidden='true'>3<\/span><span class='screen-reader-text'>3 kwietnia 2026<\/span><\/span><\/div>\n<\/td>\n<td class='no-events sobota sob past-day past-date weekend  no-events day-with-date'><div class='mc-date-container'><span class='mc-date no-events'><span aria-hidden='true'>4<\/span><span class='screen-reader-text'>4 kwietnia 2026<\/span><\/span><\/div>\n<\/td>\n<td class='no-events niedziela niedz past-day past-date weekend  no-events day-with-date'><div class='mc-date-container'><span class='mc-date no-events'><span aria-hidden='true'>5<\/span><span class='screen-reader-text'>5 kwietnia 2026<\/span><\/span><\/div>\n<\/td>\n<\/tr>\n<!-- End Event Row -->\n<tr class='mc-row'><td class='no-events poniedziaek pon past-day past-date   no-events day-with-date'><div class='mc-date-container'><span class='mc-date no-events'><span aria-hidden='true'>6<\/span><span class='screen-reader-text'>6 kwietnia 2026<\/span><\/span><\/div>\n<\/td>\n<td class='no-events wtorek wt past-day past-date   no-events day-with-date'><div class='mc-date-container'><span class='mc-date no-events'><span aria-hidden='true'>7<\/span><span class='screen-reader-text'>7 kwietnia 2026<\/span><\/span><\/div>\n<\/td>\n<td class='no-events roda r past-day past-date   no-events day-with-date'><div class='mc-date-container'><span class='mc-date no-events'><span aria-hidden='true'>8<\/span><span class='screen-reader-text'>8 kwietnia 2026<\/span><\/span><\/div>\n<\/td>\n<td class='no-events czwartek czw past-day past-date   no-events day-with-date'><div class='mc-date-container'><span class='mc-date no-events'><span aria-hidden='true'>9<\/span><span class='screen-reader-text'>9 kwietnia 2026<\/span><\/span><\/div>\n<\/td>\n<td class='no-events pitek pt past-day past-date   no-events day-with-date'><div class='mc-date-container'><span class='mc-date no-events'><span aria-hidden='true'>10<\/span><span class='screen-reader-text'>10 kwietnia 2026<\/span><\/span><\/div>\n<\/td>\n<td class='no-events sobota sob past-day past-date weekend  no-events day-with-date'><div class='mc-date-container'><span class='mc-date no-events'><span aria-hidden='true'>11<\/span><span class='screen-reader-text'>11 kwietnia 2026<\/span><\/span><\/div>\n<\/td>\n<td class='no-events niedziela niedz past-day past-date weekend  no-events day-with-date'><div class='mc-date-container'><span class='mc-date no-events'><span aria-hidden='true'>12<\/span><span class='screen-reader-text'>12 kwietnia 2026<\/span><\/span><\/div>\n<\/td>\n<\/tr>\n<!-- End Event Row -->\n<tr class='mc-row'><td class='no-events poniedziaek pon past-day past-date   no-events day-with-date'><div class='mc-date-container'><span class='mc-date no-events'><span aria-hidden='true'>13<\/span><span class='screen-reader-text'>13 kwietnia 2026<\/span><\/span><\/div>\n<\/td>\n<td class='no-events wtorek wt past-day past-date   no-events day-with-date'><div class='mc-date-container'><span class='mc-date no-events'><span aria-hidden='true'>14<\/span><span class='screen-reader-text'>14 kwietnia 2026<\/span><\/span><\/div>\n<\/td>\n<td class='no-events roda r past-day past-date   no-events day-with-date'><div class='mc-date-container'><span class='mc-date no-events'><span aria-hidden='true'>15<\/span><span class='screen-reader-text'>15 kwietnia 2026<\/span><\/span><\/div>\n<\/td>\n<td class='no-events czwartek czw past-day past-date   no-events day-with-date'><div class='mc-date-container'><span class='mc-date no-events'><span aria-hidden='true'>16<\/span><span class='screen-reader-text'>16 kwietnia 2026<\/span><\/span><\/div>\n<\/td>\n<td class='no-events pitek pt past-day past-date   no-events day-with-date'><div class='mc-date-container'><span class='mc-date no-events'><span aria-hidden='true'>17<\/span><span class='screen-reader-text'>17 kwietnia 2026<\/span><\/span><\/div>\n<\/td>\n<td class='no-events sobota sob past-day past-date weekend  no-events day-with-date'><div class='mc-date-container'><span class='mc-date no-events'><span aria-hidden='true'>18<\/span><span class='screen-reader-text'>18 kwietnia 2026<\/span><\/span><\/div>\n<\/td>\n<td class='no-events niedziela niedz past-day past-date weekend  no-events day-with-date'><div class='mc-date-container'><span class='mc-date no-events'><span aria-hidden='true'>19<\/span><span class='screen-reader-text'>19 kwietnia 2026<\/span><\/span><\/div>\n<\/td>\n<\/tr>\n<!-- End Event Row -->\n<tr class='mc-row'><td class='no-events poniedziaek pon past-day past-date   no-events day-with-date'><div class='mc-date-container'><span class='mc-date no-events'><span aria-hidden='true'>20<\/span><span class='screen-reader-text'>20 kwietnia 2026<\/span><\/span><\/div>\n<\/td>\n<td class='no-events wtorek wt past-day past-date   no-events day-with-date'><div class='mc-date-container'><span class='mc-date no-events'><span aria-hidden='true'>21<\/span><span class='screen-reader-text'>21 kwietnia 2026<\/span><\/span><\/div>\n<\/td>\n<td class='no-events roda r past-day past-date   no-events day-with-date'><div class='mc-date-container'><span class='mc-date no-events'><span aria-hidden='true'>22<\/span><span class='screen-reader-text'>22 kwietnia 2026<\/span><\/span><\/div>\n<\/td>\n<td class='no-events czwartek czw past-day past-date   no-events day-with-date'><div class='mc-date-container'><span class='mc-date no-events'><span aria-hidden='true'>23<\/span><span class='screen-reader-text'>23 kwietnia 2026<\/span><\/span><\/div>\n<\/td>\n<td class='no-events pitek pt past-day past-date   no-events day-with-date'><div class='mc-date-container'><span class='mc-date no-events'><span aria-hidden='true'>24<\/span><span class='screen-reader-text'>24 kwietnia 2026<\/span><\/span><\/div>\n<\/td>\n<td class='no-events sobota sob past-day past-date weekend  no-events day-with-date'><div class='mc-date-container'><span class='mc-date no-events'><span aria-hidden='true'>25<\/span><span class='screen-reader-text'>25 kwietnia 2026<\/span><\/span><\/div>\n<\/td>\n<td class='no-events niedziela niedz past-day past-date weekend  no-events day-with-date'><div class='mc-date-container'><span class='mc-date no-events'><span aria-hidden='true'>26<\/span><span class='screen-reader-text'>26 kwietnia 2026<\/span><\/span><\/div>\n<\/td>\n<\/tr>\n<!-- End Event Row -->\n<tr class='mc-row'><td class='no-events poniedziaek pon past-day past-date   no-events day-with-date'><div class='mc-date-container'><span class='mc-date no-events'><span aria-hidden='true'>27<\/span><span class='screen-reader-text'>27 kwietnia 2026<\/span><\/span><\/div>\n<\/td>\n<td class='no-events wtorek wt past-day past-date   no-events day-with-date'><div class='mc-date-container'><span class='mc-date no-events'><span aria-hidden='true'>28<\/span><span class='screen-reader-text'>28 kwietnia 2026<\/span><\/span><\/div>\n<\/td>\n<td aria-current=\"date\" class='no-events roda r current-day   no-events day-with-date'><div class='mc-date-container'><span class='mc-date no-events'><span aria-hidden='true'>29<\/span><span class='screen-reader-text'>29 kwietnia 2026<\/span><\/span><\/div>\n<\/td>\n<td class='no-events czwartek czw future-day   no-events day-with-date'><div class='mc-date-container'><span class='mc-date no-events'><span aria-hidden='true'>30<\/span><span class='screen-reader-text'>30 kwietnia 2026<\/span><\/span><\/div>\n<\/td>\n<td class='no-events pitek pt future-day  nextmonth no-events day-with-date'><div class='mc-date-container'><span class='mc-date no-events'><span aria-hidden='true'>1<\/span><span class='screen-reader-text'>1 maja 2026<\/span><\/span><\/div>\n<\/td>\n<td class='no-events sobota sob future-day weekend nextmonth no-events day-with-date'><div class='mc-date-container'><span class='mc-date no-events'><span aria-hidden='true'>2<\/span><span class='screen-reader-text'>2 maja 2026<\/span><\/span><\/div>\n<\/td>\n<td class='no-events niedziela niedz future-day weekend nextmonth no-events day-with-date'><div class='mc-date-container'><span class='mc-date no-events'><span aria-hidden='true'>3<\/span><span class='screen-reader-text'>3 maja 2026<\/span><\/span><\/div>\n<\/td>\n<\/tr>\n<!-- End Event Row -->\n\n<\/tbody>\n<\/table><\/div><!-- .mc-content -->\n<nav aria-label=\"Kalendarz (na dole)\">\n<div class=\"mc_bottomnav my-calendar-footer\"><div class=\"category-key has-icons\"><h3 class=\"maybe-hide\">Kategorie<\/h3>\n<ul>\n<li class=\"cat_msza-wita\"><a id=\"mc_cat_1-my-calendar\" href=\"https:\/\/wspomozycielka-lodz.pl\/?page_id=90&#038;rest_route=\/wp\/v2\/pages\/90&#038;mcat=1\" ><span class=\"category-color-sample no-icon\" style=\"background:#dd3333;\"> &nbsp; <\/span><span class=\"mc-category-title\">Msza \u015awi\u0119ta<\/span><\/a><\/li><li class=\"cat_msza-wita-ze-specjaln-intencj\"><a id=\"mc_cat_5-my-calendar\" href=\"https:\/\/wspomozycielka-lodz.pl\/?page_id=90&#038;rest_route=\/wp\/v2\/pages\/90&#038;mcat=5\" ><span class=\"category-color-sample no-icon\" style=\"background:#eeee22;\"> &nbsp; <\/span><span class=\"mc-category-title\">Msza \u015awi\u0119ta ze specjaln\u0105 intencj\u0105<\/span><\/a><\/li><li class=\"cat_naboetwo\"><a id=\"mc_cat_2-my-calendar\" href=\"https:\/\/wspomozycielka-lodz.pl\/?page_id=90&#038;rest_route=\/wp\/v2\/pages\/90&#038;mcat=2\" ><span class=\"category-color-sample no-icon\" style=\"background:#1e73be;\"> &nbsp; <\/span><span class=\"mc-category-title\">Nabo\u017ce\u0144\u015btwo<\/span><\/a><\/li><li class=\"cat_spotkanie\"><a id=\"mc_cat_3-my-calendar\" href=\"https:\/\/wspomozycielka-lodz.pl\/?page_id=90&#038;rest_route=\/wp\/v2\/pages\/90&#038;mcat=3\" ><span class=\"category-color-sample no-icon\" style=\"background:#81d742;\"> &nbsp; <\/span><span class=\"mc-category-title\">Spotkanie<\/span><\/a><\/li><li class=\"cat_spowied\"><a id=\"mc_cat_4-my-calendar\" href=\"https:\/\/wspomozycielka-lodz.pl\/?page_id=90&#038;rest_route=\/wp\/v2\/pages\/90&#038;mcat=4\" ><span class=\"category-color-sample no-icon\" style=\"background:#8224e3;\"> &nbsp; <\/span><span class=\"mc-category-title\">Spowied\u017a<\/span><\/a><\/li><li class='all-categories'><span class='mc-active' id='mc_cat_all-my-calendar' tabindex='-1'>Wszystkie kategorie<\/span><\/li><\/ul><\/div><div class='mc-print'><a id='mc_print-my-calendar' href='https:\/\/wspomozycielka-lodz.pl?rest_route=\/wp\/v2\/pages\/90&#038;time=month&#038;yr=2026&#038;month=04&#038;dy=1&#038;href=https%3A%2F%2Fwspomozycielka-lodz.pl&#038;cid=mc-print-view'>Do druku<\/a><\/div><\/div>\n<\/nav>\n\r\n<\/div>\n","protected":false},"excerpt":{"rendered":"","protected":false},"author":1,"featured_media":0,"parent":0,"menu_order":0,"comment_status":"closed","ping_status":"closed","template":"","meta":{"_mc_calendar":[],"footnotes":""},"class_list":["post-90","page","type-page","status-publish","hentry"],"_links":{"self":[{"href":"https:\/\/wspomozycielka-lodz.pl\/index.php?rest_route=\/wp\/v2\/pages\/90","targetHints":{"allow":["GET"]}}],"collection":[{"href":"https:\/\/wspomozycielka-lodz.pl\/index.php?rest_route=\/wp\/v2\/pages"}],"about":[{"href":"https:\/\/wspomozycielka-lodz.pl\/index.php?rest_route=\/wp\/v2\/types\/page"}],"author":[{"embeddable":true,"href":"https:\/\/wspomozycielka-lodz.pl\/index.php?rest_route=\/wp\/v2\/users\/1"}],"replies":[{"embeddable":true,"href":"https:\/\/wspomozycielka-lodz.pl\/index.php?rest_route=%2Fwp%2Fv2%2Fcomments&post=90"}],"version-history":[{"count":1,"href":"https:\/\/wspomozycielka-lodz.pl\/index.php?rest_route=\/wp\/v2\/pages\/90\/revisions"}],"predecessor-version":[{"id":91,"href":"https:\/\/wspomozycielka-lodz.pl\/index.php?rest_route=\/wp\/v2\/pages\/90\/revisions\/91"}],"wp:attachment":[{"href":"https:\/\/wspomozycielka-lodz.pl\/index.php?rest_route=%2Fwp%2Fv2%2Fmedia&parent=90"}],"curies":[{"name":"wp","href":"https:\/\/api.w.org\/{rel}","templated":true}]}}