{"id":164,"date":"2020-11-07T22:43:40","date_gmt":"2020-11-07T21:43:40","guid":{"rendered":"http:\/\/wspomozycielka-lodz.pl\/?page_id=164"},"modified":"2025-11-14T17:12:07","modified_gmt":"2025-11-14T16:12:07","slug":"duszpasterze","status":"publish","type":"page","link":"https:\/\/wspomozycielka-lodz.pl\/?page_id=164","title":{"rendered":"Duszpasterze"},"content":{"rendered":"\n<p>Proboszcz: ks. Przemys\u0142aw Solarski<\/p>\n\n\n\n<p>Pomoc duszpasterska wsp\u00f3lnoty salezjan\u00f3w:<\/p>\n\n\n\n<ul class=\"wp-block-list\">\n<li>ks. Banasiuk Jacek<\/li>\n\n\n\n<li>ks. Bednarski Robert<\/li>\n\n\n\n<li>ks. Boczula Piotr<\/li>\n\n\n\n<li>ks. D\u0105browski Lucjan<\/li>\n\n\n\n<li>ks. Drewniak Maciej<\/li>\n\n\n\n<li>kl. Essomba Felicien<\/li>\n\n\n\n<li>ks. Furdyna Tadeusz<\/li>\n\n\n\n<li>ks. Husak Dariusz<\/li>\n\n\n\n<li>ks. Kulesza Zbigniew<\/li>\n\n\n\n<li>ko. Nowak Grzegorz<\/li>\n\n\n\n<li>ks. Pietrusik J\u00f3zef<\/li>\n\n\n\n<li>ks. Rogowski Artur<\/li>\n\n\n\n<li>ks. Szlufik Piotr<\/li>\n\n\n\n<li>kl. Wangue Steve<\/li>\n<\/ul>\n","protected":false},"excerpt":{"rendered":"<p>Proboszcz: ks. Przemys\u0142aw Solarski Pomoc duszpasterska wsp\u00f3lnoty salezjan\u00f3w:<\/p>\n","protected":false},"author":1,"featured_media":165,"parent":0,"menu_order":0,"comment_status":"closed","ping_status":"closed","template":"","meta":{"_mc_calendar":[],"footnotes":""},"class_list":["post-164","page","type-page","status-publish","has-post-thumbnail","hentry"],"_links":{"self":[{"href":"https:\/\/wspomozycielka-lodz.pl\/index.php?rest_route=\/wp\/v2\/pages\/164","targetHints":{"allow":["GET"]}}],"collection":[{"href":"https:\/\/wspomozycielka-lodz.pl\/index.php?rest_route=\/wp\/v2\/pages"}],"about":[{"href":"https:\/\/wspomozycielka-lodz.pl\/index.php?rest_route=\/wp\/v2\/types\/page"}],"author":[{"embeddable":true,"href":"https:\/\/wspomozycielka-lodz.pl\/index.php?rest_route=\/wp\/v2\/users\/1"}],"replies":[{"embeddable":true,"href":"https:\/\/wspomozycielka-lodz.pl\/index.php?rest_route=%2Fwp%2Fv2%2Fcomments&post=164"}],"version-history":[{"count":7,"href":"https:\/\/wspomozycielka-lodz.pl\/index.php?rest_route=\/wp\/v2\/pages\/164\/revisions"}],"predecessor-version":[{"id":1052,"href":"https:\/\/wspomozycielka-lodz.pl\/index.php?rest_route=\/wp\/v2\/pages\/164\/revisions\/1052"}],"wp:featuredmedia":[{"embeddable":true,"href":"https:\/\/wspomozycielka-lodz.pl\/index.php?rest_route=\/wp\/v2\/media\/165"}],"wp:attachment":[{"href":"https:\/\/wspomozycielka-lodz.pl\/index.php?rest_route=%2Fwp%2Fv2%2Fmedia&parent=164"}],"curies":[{"name":"wp","href":"https:\/\/api.w.org\/{rel}","templated":true}]}}