{"id":117,"date":"2020-11-01T19:02:24","date_gmt":"2020-11-01T18:02:24","guid":{"rendered":"http:\/\/wspomozycielka-lodz.pl\/?page_id=117"},"modified":"2021-10-04T13:00:56","modified_gmt":"2021-10-04T11:00:56","slug":"kontakt","status":"publish","type":"page","link":"https:\/\/wspomozycielka-lodz.pl\/?page_id=117","title":{"rendered":"Kontakt"},"content":{"rendered":"\n<p>RZYMSKOKATOLICKA PARAFIA<\/p>\n\n\n\n<p>p.w. <strong>MATKI BO\u017bEJ WSPOMO\u017bENIA WIERNYCH<\/strong><\/p>\n\n\n\n<p>DUSZPASTERZE: <strong>SALEZJANIE<\/strong> KSI\u0118DZA BOSKO (SDB)<\/p>\n\n\n\n<p>UL. WODNA 36, 90-046 \u0141\u00d3D\u0179<\/p>\n\n\n\n<p>42&nbsp;671 84 70<\/p>\n\n\n\n<p>42&nbsp;671 84 68<\/p>\n\n\n\n<p>mbww.wodna@onet.pl<\/p>\n\n\n\n<p>DAROWIZN\u0118 MO\u017bNA Z\u0141O\u017bY\u0106 NA KONTO:<\/p>\n\n\n\n<p>70144012310000000001845446<\/p>\n","protected":false},"excerpt":{"rendered":"<p>RZYMSKOKATOLICKA PARAFIA p.w. MATKI BO\u017bEJ WSPOMO\u017bENIA WIERNYCH DUSZPASTERZE: SALEZJANIE KSI\u0118DZA BOSKO (SDB) UL. WODNA 36, 90-046 \u0141\u00d3D\u0179 42&nbsp;671 84 70 42&nbsp;671 84 68 mbww.wodna@onet.pl DAROWIZN\u0118 MO\u017bNA Z\u0141O\u017bY\u0106 NA KONTO: 70144012310000000001845446<\/p>\n","protected":false},"author":1,"featured_media":132,"parent":0,"menu_order":0,"comment_status":"closed","ping_status":"closed","template":"","meta":{"_mc_calendar":[],"footnotes":""},"class_list":["post-117","page","type-page","status-publish","has-post-thumbnail","hentry"],"_links":{"self":[{"href":"https:\/\/wspomozycielka-lodz.pl\/index.php?rest_route=\/wp\/v2\/pages\/117","targetHints":{"allow":["GET"]}}],"collection":[{"href":"https:\/\/wspomozycielka-lodz.pl\/index.php?rest_route=\/wp\/v2\/pages"}],"about":[{"href":"https:\/\/wspomozycielka-lodz.pl\/index.php?rest_route=\/wp\/v2\/types\/page"}],"author":[{"embeddable":true,"href":"https:\/\/wspomozycielka-lodz.pl\/index.php?rest_route=\/wp\/v2\/users\/1"}],"replies":[{"embeddable":true,"href":"https:\/\/wspomozycielka-lodz.pl\/index.php?rest_route=%2Fwp%2Fv2%2Fcomments&post=117"}],"version-history":[{"count":4,"href":"https:\/\/wspomozycielka-lodz.pl\/index.php?rest_route=\/wp\/v2\/pages\/117\/revisions"}],"predecessor-version":[{"id":486,"href":"https:\/\/wspomozycielka-lodz.pl\/index.php?rest_route=\/wp\/v2\/pages\/117\/revisions\/486"}],"wp:featuredmedia":[{"embeddable":true,"href":"https:\/\/wspomozycielka-lodz.pl\/index.php?rest_route=\/wp\/v2\/media\/132"}],"wp:attachment":[{"href":"https:\/\/wspomozycielka-lodz.pl\/index.php?rest_route=%2Fwp%2Fv2%2Fmedia&parent=117"}],"curies":[{"name":"wp","href":"https:\/\/api.w.org\/{rel}","templated":true}]}}